{"id":184,"date":"2024-05-15T22:12:35","date_gmt":"2024-05-15T20:12:35","guid":{"rendered":"https:\/\/misterflech.fr\/shop\/?post_type=product&#038;p=184"},"modified":"2026-02-14T16:36:58","modified_gmt":"2026-02-14T15:36:58","slug":"porte-cle-hermine-rs-seoska","status":"publish","type":"product","link":"https:\/\/misterflech.fr\/shop\/produit\/porte-cle-hermine-rs-seoska\/","title":{"rendered":"Porte-cl\u00e9 Hermine RS &#8211; Seoska"},"content":{"rendered":"<p>Porte-Cl\u00e9 63,5 mm de Hermine avec une casquette RS, dessin\u00e9e par Seoska.<\/p>\n","protected":false},"excerpt":{"rendered":"<p>Porte-Cl\u00e9 63,5 mm de Hermine avec une casquette RS, dessin\u00e9e par Seoska.<\/p>\n","protected":false},"featured_media":188,"comment_status":"open","ping_status":"closed","template":"","meta":[],"product_brand":[],"product_cat":[30,21],"product_tag":[28],"class_list":{"0":"post-184","1":"product","2":"type-product","3":"status-publish","4":"has-post-thumbnail","6":"product_cat-nouveaute","7":"product_cat-porte-cle","8":"product_tag-seoska","10":"first","11":"instock","12":"taxable","13":"shipping-taxable","14":"purchasable","15":"product-type-simple"},"yoast_head":"<!-- This site is optimized with the Yoast SEO plugin v27.4 - https:\/\/yoast.com\/product\/yoast-seo-wordpress\/ -->\n<title>Porte-cl\u00e9 Hermine RS - Seoska - Mister Flech - Boutique officielle<\/title>\n<meta name=\"robots\" content=\"index, follow, max-snippet:-1, max-image-preview:large, max-video-preview:-1\" \/>\n<link rel=\"canonical\" href=\"https:\/\/misterflech.fr\/shop\/produit\/porte-cle-hermine-rs-seoska\/\" \/>\n<meta property=\"og:locale\" content=\"fr_FR\" \/>\n<meta property=\"og:type\" content=\"article\" \/>\n<meta property=\"og:title\" content=\"Porte-cl\u00e9 Hermine RS - Seoska - Mister Flech - Boutique officielle\" \/>\n<meta property=\"og:description\" content=\"Porte-Cl\u00e9 63,5 mm de Hermine avec une casquette RS, dessin\u00e9e par Seoska.\" \/>\n<meta property=\"og:url\" content=\"https:\/\/misterflech.fr\/shop\/produit\/porte-cle-hermine-rs-seoska\/\" \/>\n<meta property=\"og:site_name\" content=\"Mister Flech - Boutique officielle\" \/>\n<meta property=\"article:publisher\" content=\"https:\/\/www.facebook.com\/mrflechresetsystem\" \/>\n<meta property=\"article:modified_time\" content=\"2026-02-14T15:36:58+00:00\" \/>\n<meta property=\"og:image\" content=\"https:\/\/misterflech.fr\/shop\/wp-content\/uploads\/2024\/05\/P-Porte-cle-Hermine-1-scaled.jpg\" \/>\n\t<meta property=\"og:image:width\" content=\"2560\" \/>\n\t<meta property=\"og:image:height\" content=\"2560\" \/>\n\t<meta property=\"og:image:type\" content=\"image\/jpeg\" \/>\n<meta name=\"twitter:card\" content=\"summary_large_image\" \/>\n<meta name=\"twitter:site\" content=\"@MisterFlech\" \/>\n<script type=\"application\/ld+json\" class=\"yoast-schema-graph\">{\"@context\":\"https:\\\/\\\/schema.org\",\"@graph\":[{\"@type\":\"WebPage\",\"@id\":\"https:\\\/\\\/misterflech.fr\\\/shop\\\/produit\\\/porte-cle-hermine-rs-seoska\\\/\",\"url\":\"https:\\\/\\\/misterflech.fr\\\/shop\\\/produit\\\/porte-cle-hermine-rs-seoska\\\/\",\"name\":\"Porte-cl\u00e9 Hermine RS - Seoska - Mister Flech - Boutique officielle\",\"isPartOf\":{\"@id\":\"https:\\\/\\\/misterflech.fr\\\/shop\\\/#website\"},\"primaryImageOfPage\":{\"@id\":\"https:\\\/\\\/misterflech.fr\\\/shop\\\/produit\\\/porte-cle-hermine-rs-seoska\\\/#primaryimage\"},\"image\":{\"@id\":\"https:\\\/\\\/misterflech.fr\\\/shop\\\/produit\\\/porte-cle-hermine-rs-seoska\\\/#primaryimage\"},\"thumbnailUrl\":\"https:\\\/\\\/misterflech.fr\\\/shop\\\/wp-content\\\/uploads\\\/2024\\\/05\\\/P-Porte-cle-Hermine-1-scaled.jpg\",\"datePublished\":\"2024-05-15T20:12:35+00:00\",\"dateModified\":\"2026-02-14T15:36:58+00:00\",\"breadcrumb\":{\"@id\":\"https:\\\/\\\/misterflech.fr\\\/shop\\\/produit\\\/porte-cle-hermine-rs-seoska\\\/#breadcrumb\"},\"inLanguage\":\"fr-FR\",\"potentialAction\":[{\"@type\":\"ReadAction\",\"target\":[\"https:\\\/\\\/misterflech.fr\\\/shop\\\/produit\\\/porte-cle-hermine-rs-seoska\\\/\"]}]},{\"@type\":\"ImageObject\",\"inLanguage\":\"fr-FR\",\"@id\":\"https:\\\/\\\/misterflech.fr\\\/shop\\\/produit\\\/porte-cle-hermine-rs-seoska\\\/#primaryimage\",\"url\":\"https:\\\/\\\/misterflech.fr\\\/shop\\\/wp-content\\\/uploads\\\/2024\\\/05\\\/P-Porte-cle-Hermine-1-scaled.jpg\",\"contentUrl\":\"https:\\\/\\\/misterflech.fr\\\/shop\\\/wp-content\\\/uploads\\\/2024\\\/05\\\/P-Porte-cle-Hermine-1-scaled.jpg\",\"width\":2560,\"height\":2560},{\"@type\":\"BreadcrumbList\",\"@id\":\"https:\\\/\\\/misterflech.fr\\\/shop\\\/produit\\\/porte-cle-hermine-rs-seoska\\\/#breadcrumb\",\"itemListElement\":[{\"@type\":\"ListItem\",\"position\":1,\"name\":\"Accueil\",\"item\":\"https:\\\/\\\/misterflech.fr\\\/shop\\\/\"},{\"@type\":\"ListItem\",\"position\":2,\"name\":\"Boutique\",\"item\":\"https:\\\/\\\/misterflech.fr\\\/shop\\\/boutique\\\/\"},{\"@type\":\"ListItem\",\"position\":3,\"name\":\"Porte-cl\u00e9 Hermine RS &#8211; Seoska\"}]},{\"@type\":\"WebSite\",\"@id\":\"https:\\\/\\\/misterflech.fr\\\/shop\\\/#website\",\"url\":\"https:\\\/\\\/misterflech.fr\\\/shop\\\/\",\"name\":\"Mister Flech - Boutique officielle\",\"description\":\"\",\"publisher\":{\"@id\":\"https:\\\/\\\/misterflech.fr\\\/shop\\\/#organization\"},\"potentialAction\":[{\"@type\":\"SearchAction\",\"target\":{\"@type\":\"EntryPoint\",\"urlTemplate\":\"https:\\\/\\\/misterflech.fr\\\/shop\\\/?s={search_term_string}\"},\"query-input\":{\"@type\":\"PropertyValueSpecification\",\"valueRequired\":true,\"valueName\":\"search_term_string\"}}],\"inLanguage\":\"fr-FR\"},{\"@type\":\"Organization\",\"@id\":\"https:\\\/\\\/misterflech.fr\\\/shop\\\/#organization\",\"name\":\"Mister Flech\",\"url\":\"https:\\\/\\\/misterflech.fr\\\/shop\\\/\",\"logo\":{\"@type\":\"ImageObject\",\"inLanguage\":\"fr-FR\",\"@id\":\"https:\\\/\\\/misterflech.fr\\\/shop\\\/#\\\/schema\\\/logo\\\/image\\\/\",\"url\":\"https:\\\/\\\/misterflech.fr\\\/shop\\\/wp-content\\\/uploads\\\/2024\\\/02\\\/Logo.png\",\"contentUrl\":\"https:\\\/\\\/misterflech.fr\\\/shop\\\/wp-content\\\/uploads\\\/2024\\\/02\\\/Logo.png\",\"width\":1727,\"height\":171,\"caption\":\"Mister Flech\"},\"image\":{\"@id\":\"https:\\\/\\\/misterflech.fr\\\/shop\\\/#\\\/schema\\\/logo\\\/image\\\/\"},\"sameAs\":[\"https:\\\/\\\/www.facebook.com\\\/mrflechresetsystem\",\"https:\\\/\\\/x.com\\\/MisterFlech\",\"https:\\\/\\\/www.instagram.com\\\/mister_flech\\\/\",\"https:\\\/\\\/www.youtube.com\\\/misterflech\"]}]}<\/script>\n<!-- \/ Yoast SEO plugin. -->","yoast_head_json":{"title":"Porte-cl\u00e9 Hermine RS - Seoska - Mister Flech - Boutique officielle","robots":{"index":"index","follow":"follow","max-snippet":"max-snippet:-1","max-image-preview":"max-image-preview:large","max-video-preview":"max-video-preview:-1"},"canonical":"https:\/\/misterflech.fr\/shop\/produit\/porte-cle-hermine-rs-seoska\/","og_locale":"fr_FR","og_type":"article","og_title":"Porte-cl\u00e9 Hermine RS - Seoska - Mister Flech - Boutique officielle","og_description":"Porte-Cl\u00e9 63,5 mm de Hermine avec une casquette RS, dessin\u00e9e par Seoska.","og_url":"https:\/\/misterflech.fr\/shop\/produit\/porte-cle-hermine-rs-seoska\/","og_site_name":"Mister Flech - Boutique officielle","article_publisher":"https:\/\/www.facebook.com\/mrflechresetsystem","article_modified_time":"2026-02-14T15:36:58+00:00","og_image":[{"width":2560,"height":2560,"url":"https:\/\/misterflech.fr\/shop\/wp-content\/uploads\/2024\/05\/P-Porte-cle-Hermine-1-scaled.jpg","type":"image\/jpeg"}],"twitter_card":"summary_large_image","twitter_site":"@MisterFlech","schema":{"@context":"https:\/\/schema.org","@graph":[{"@type":"WebPage","@id":"https:\/\/misterflech.fr\/shop\/produit\/porte-cle-hermine-rs-seoska\/","url":"https:\/\/misterflech.fr\/shop\/produit\/porte-cle-hermine-rs-seoska\/","name":"Porte-cl\u00e9 Hermine RS - Seoska - Mister Flech - Boutique officielle","isPartOf":{"@id":"https:\/\/misterflech.fr\/shop\/#website"},"primaryImageOfPage":{"@id":"https:\/\/misterflech.fr\/shop\/produit\/porte-cle-hermine-rs-seoska\/#primaryimage"},"image":{"@id":"https:\/\/misterflech.fr\/shop\/produit\/porte-cle-hermine-rs-seoska\/#primaryimage"},"thumbnailUrl":"https:\/\/misterflech.fr\/shop\/wp-content\/uploads\/2024\/05\/P-Porte-cle-Hermine-1-scaled.jpg","datePublished":"2024-05-15T20:12:35+00:00","dateModified":"2026-02-14T15:36:58+00:00","breadcrumb":{"@id":"https:\/\/misterflech.fr\/shop\/produit\/porte-cle-hermine-rs-seoska\/#breadcrumb"},"inLanguage":"fr-FR","potentialAction":[{"@type":"ReadAction","target":["https:\/\/misterflech.fr\/shop\/produit\/porte-cle-hermine-rs-seoska\/"]}]},{"@type":"ImageObject","inLanguage":"fr-FR","@id":"https:\/\/misterflech.fr\/shop\/produit\/porte-cle-hermine-rs-seoska\/#primaryimage","url":"https:\/\/misterflech.fr\/shop\/wp-content\/uploads\/2024\/05\/P-Porte-cle-Hermine-1-scaled.jpg","contentUrl":"https:\/\/misterflech.fr\/shop\/wp-content\/uploads\/2024\/05\/P-Porte-cle-Hermine-1-scaled.jpg","width":2560,"height":2560},{"@type":"BreadcrumbList","@id":"https:\/\/misterflech.fr\/shop\/produit\/porte-cle-hermine-rs-seoska\/#breadcrumb","itemListElement":[{"@type":"ListItem","position":1,"name":"Accueil","item":"https:\/\/misterflech.fr\/shop\/"},{"@type":"ListItem","position":2,"name":"Boutique","item":"https:\/\/misterflech.fr\/shop\/boutique\/"},{"@type":"ListItem","position":3,"name":"Porte-cl\u00e9 Hermine RS &#8211; Seoska"}]},{"@type":"WebSite","@id":"https:\/\/misterflech.fr\/shop\/#website","url":"https:\/\/misterflech.fr\/shop\/","name":"Mister Flech - Boutique officielle","description":"","publisher":{"@id":"https:\/\/misterflech.fr\/shop\/#organization"},"potentialAction":[{"@type":"SearchAction","target":{"@type":"EntryPoint","urlTemplate":"https:\/\/misterflech.fr\/shop\/?s={search_term_string}"},"query-input":{"@type":"PropertyValueSpecification","valueRequired":true,"valueName":"search_term_string"}}],"inLanguage":"fr-FR"},{"@type":"Organization","@id":"https:\/\/misterflech.fr\/shop\/#organization","name":"Mister Flech","url":"https:\/\/misterflech.fr\/shop\/","logo":{"@type":"ImageObject","inLanguage":"fr-FR","@id":"https:\/\/misterflech.fr\/shop\/#\/schema\/logo\/image\/","url":"https:\/\/misterflech.fr\/shop\/wp-content\/uploads\/2024\/02\/Logo.png","contentUrl":"https:\/\/misterflech.fr\/shop\/wp-content\/uploads\/2024\/02\/Logo.png","width":1727,"height":171,"caption":"Mister Flech"},"image":{"@id":"https:\/\/misterflech.fr\/shop\/#\/schema\/logo\/image\/"},"sameAs":["https:\/\/www.facebook.com\/mrflechresetsystem","https:\/\/x.com\/MisterFlech","https:\/\/www.instagram.com\/mister_flech\/","https:\/\/www.youtube.com\/misterflech"]}]}},"_links":{"self":[{"href":"https:\/\/misterflech.fr\/shop\/wp-json\/wp\/v2\/product\/184","targetHints":{"allow":["GET"]}}],"collection":[{"href":"https:\/\/misterflech.fr\/shop\/wp-json\/wp\/v2\/product"}],"about":[{"href":"https:\/\/misterflech.fr\/shop\/wp-json\/wp\/v2\/types\/product"}],"replies":[{"embeddable":true,"href":"https:\/\/misterflech.fr\/shop\/wp-json\/wp\/v2\/comments?post=184"}],"wp:featuredmedia":[{"embeddable":true,"href":"https:\/\/misterflech.fr\/shop\/wp-json\/wp\/v2\/media\/188"}],"wp:attachment":[{"href":"https:\/\/misterflech.fr\/shop\/wp-json\/wp\/v2\/media?parent=184"}],"wp:term":[{"taxonomy":"product_brand","embeddable":true,"href":"https:\/\/misterflech.fr\/shop\/wp-json\/wp\/v2\/product_brand?post=184"},{"taxonomy":"product_cat","embeddable":true,"href":"https:\/\/misterflech.fr\/shop\/wp-json\/wp\/v2\/product_cat?post=184"},{"taxonomy":"product_tag","embeddable":true,"href":"https:\/\/misterflech.fr\/shop\/wp-json\/wp\/v2\/product_tag?post=184"}],"curies":[{"name":"wp","href":"https:\/\/api.w.org\/{rel}","templated":true}]}}